{"id":1645,"date":"2024-12-10T10:06:50","date_gmt":"2024-12-10T09:06:50","guid":{"rendered":"https:\/\/conceptszeged.hu\/product\/tokaji-dream-terrine\/"},"modified":"2025-11-26T11:33:50","modified_gmt":"2025-11-26T10:33:50","slug":"tokaji-dream-terrine","status":"publish","type":"product","link":"https:\/\/conceptszeged.hu\/en\/product\/tokaji-dream-terrine\/","title":{"rendered":"Grilled goose liver"},"content":{"rendered":"","protected":false},"excerpt":{"rendered":"<p><span class=\"OYPEnA font-feature-liga-off font-feature-clig-off font-feature-calt-off text-decoration-none text-strikethrough-none\">fried swett potato cubes, baked cinnamon apple puree<\/span><\/p>\n","protected":false},"featured_media":2374,"template":"","meta":[],"etheme_brands":[],"product_cat":[61],"product_tag":[],"class_list":{"0":"post-1645","1":"product","2":"type-product","3":"status-publish","4":"has-post-thumbnail","6":"product_cat-appetizer","8":"first","9":"instock","10":"shipping-taxable","11":"purchasable","12":"product-type-simple"},"yoast_head":"<!-- This site is optimized with the Yoast SEO plugin v24.0 - https:\/\/yoast.com\/wordpress\/plugins\/seo\/ -->\n<title>Grilled goose liver - Concept Bisztr\u00f3<\/title>\n<meta name=\"robots\" content=\"index, follow, max-snippet:-1, max-image-preview:large, max-video-preview:-1\" \/>\n<link rel=\"canonical\" href=\"https:\/\/conceptszeged.hu\/en\/product\/tokaji-dream-terrine\/\" \/>\n<meta property=\"og:locale\" content=\"en_US\" \/>\n<meta property=\"og:type\" content=\"article\" \/>\n<meta property=\"og:title\" content=\"Grilled goose liver - Concept Bisztr\u00f3\" \/>\n<meta property=\"og:description\" content=\"fried swett potato cubes, baked cinnamon apple puree\" \/>\n<meta property=\"og:url\" content=\"https:\/\/conceptszeged.hu\/en\/product\/tokaji-dream-terrine\/\" \/>\n<meta property=\"og:site_name\" content=\"Concept Bisztr\u00f3\" \/>\n<meta property=\"article:modified_time\" content=\"2025-11-26T10:33:50+00:00\" \/>\n<meta property=\"og:image\" content=\"https:\/\/conceptszeged.hu\/wp-content\/uploads\/2024\/12\/1L6A1872-scaled-e1761300114289.jpeg\" \/>\n\t<meta property=\"og:image:width\" content=\"2560\" \/>\n\t<meta property=\"og:image:height\" content=\"1706\" \/>\n\t<meta property=\"og:image:type\" content=\"image\/jpeg\" \/>\n<meta name=\"twitter:card\" content=\"summary_large_image\" \/>\n<script type=\"application\/ld+json\" class=\"yoast-schema-graph\">{\"@context\":\"https:\/\/schema.org\",\"@graph\":[{\"@type\":\"WebPage\",\"@id\":\"https:\/\/conceptszeged.hu\/en\/product\/tokaji-dream-terrine\/\",\"url\":\"https:\/\/conceptszeged.hu\/en\/product\/tokaji-dream-terrine\/\",\"name\":\"Grilled goose liver - Concept Bisztr\u00f3\",\"isPartOf\":{\"@id\":\"https:\/\/conceptszeged.hu\/en\/#website\"},\"primaryImageOfPage\":{\"@id\":\"https:\/\/conceptszeged.hu\/en\/product\/tokaji-dream-terrine\/#primaryimage\"},\"image\":{\"@id\":\"https:\/\/conceptszeged.hu\/en\/product\/tokaji-dream-terrine\/#primaryimage\"},\"thumbnailUrl\":\"https:\/\/conceptszeged.hu\/wp-content\/uploads\/2024\/12\/1L6A1872-scaled-e1761300114289.jpeg\",\"datePublished\":\"2024-12-10T09:06:50+00:00\",\"dateModified\":\"2025-11-26T10:33:50+00:00\",\"breadcrumb\":{\"@id\":\"https:\/\/conceptszeged.hu\/en\/product\/tokaji-dream-terrine\/#breadcrumb\"},\"inLanguage\":\"en-US\",\"potentialAction\":[{\"@type\":\"ReadAction\",\"target\":[\"https:\/\/conceptszeged.hu\/en\/product\/tokaji-dream-terrine\/\"]}]},{\"@type\":\"ImageObject\",\"inLanguage\":\"en-US\",\"@id\":\"https:\/\/conceptszeged.hu\/en\/product\/tokaji-dream-terrine\/#primaryimage\",\"url\":\"https:\/\/conceptszeged.hu\/wp-content\/uploads\/2024\/12\/1L6A1872-scaled-e1761300114289.jpeg\",\"contentUrl\":\"https:\/\/conceptszeged.hu\/wp-content\/uploads\/2024\/12\/1L6A1872-scaled-e1761300114289.jpeg\",\"width\":2560,\"height\":1706},{\"@type\":\"BreadcrumbList\",\"@id\":\"https:\/\/conceptszeged.hu\/en\/product\/tokaji-dream-terrine\/#breadcrumb\",\"itemListElement\":[{\"@type\":\"ListItem\",\"position\":1,\"name\":\"Kezd\u0151lap\",\"item\":\"https:\/\/conceptszeged.hu\/en\/\"},{\"@type\":\"ListItem\",\"position\":2,\"name\":\"Products\",\"item\":\"https:\/\/conceptszeged.hu\/en\/shop\/\"},{\"@type\":\"ListItem\",\"position\":3,\"name\":\"Grilled goose liver\"}]},{\"@type\":\"WebSite\",\"@id\":\"https:\/\/conceptszeged.hu\/en\/#website\",\"url\":\"https:\/\/conceptszeged.hu\/en\/\",\"name\":\"Concept Bisztr\u00f3\",\"description\":\"Igazi \u00ednyencs\u00e9gek Szeged sz\u00edv\u00e9ben\",\"potentialAction\":[{\"@type\":\"SearchAction\",\"target\":{\"@type\":\"EntryPoint\",\"urlTemplate\":\"https:\/\/conceptszeged.hu\/en\/?s={search_term_string}\"},\"query-input\":{\"@type\":\"PropertyValueSpecification\",\"valueRequired\":true,\"valueName\":\"search_term_string\"}}],\"inLanguage\":\"en-US\"}]}<\/script>\n<!-- \/ Yoast SEO plugin. -->","yoast_head_json":{"title":"Grilled goose liver - Concept Bisztr\u00f3","robots":{"index":"index","follow":"follow","max-snippet":"max-snippet:-1","max-image-preview":"max-image-preview:large","max-video-preview":"max-video-preview:-1"},"canonical":"https:\/\/conceptszeged.hu\/en\/product\/tokaji-dream-terrine\/","og_locale":"en_US","og_type":"article","og_title":"Grilled goose liver - Concept Bisztr\u00f3","og_description":"fried swett potato cubes, baked cinnamon apple puree","og_url":"https:\/\/conceptszeged.hu\/en\/product\/tokaji-dream-terrine\/","og_site_name":"Concept Bisztr\u00f3","article_modified_time":"2025-11-26T10:33:50+00:00","og_image":[{"width":2560,"height":1706,"url":"https:\/\/conceptszeged.hu\/wp-content\/uploads\/2024\/12\/1L6A1872-scaled-e1761300114289.jpeg","type":"image\/jpeg"}],"twitter_card":"summary_large_image","schema":{"@context":"https:\/\/schema.org","@graph":[{"@type":"WebPage","@id":"https:\/\/conceptszeged.hu\/en\/product\/tokaji-dream-terrine\/","url":"https:\/\/conceptszeged.hu\/en\/product\/tokaji-dream-terrine\/","name":"Grilled goose liver - Concept Bisztr\u00f3","isPartOf":{"@id":"https:\/\/conceptszeged.hu\/en\/#website"},"primaryImageOfPage":{"@id":"https:\/\/conceptszeged.hu\/en\/product\/tokaji-dream-terrine\/#primaryimage"},"image":{"@id":"https:\/\/conceptszeged.hu\/en\/product\/tokaji-dream-terrine\/#primaryimage"},"thumbnailUrl":"https:\/\/conceptszeged.hu\/wp-content\/uploads\/2024\/12\/1L6A1872-scaled-e1761300114289.jpeg","datePublished":"2024-12-10T09:06:50+00:00","dateModified":"2025-11-26T10:33:50+00:00","breadcrumb":{"@id":"https:\/\/conceptszeged.hu\/en\/product\/tokaji-dream-terrine\/#breadcrumb"},"inLanguage":"en-US","potentialAction":[{"@type":"ReadAction","target":["https:\/\/conceptszeged.hu\/en\/product\/tokaji-dream-terrine\/"]}]},{"@type":"ImageObject","inLanguage":"en-US","@id":"https:\/\/conceptszeged.hu\/en\/product\/tokaji-dream-terrine\/#primaryimage","url":"https:\/\/conceptszeged.hu\/wp-content\/uploads\/2024\/12\/1L6A1872-scaled-e1761300114289.jpeg","contentUrl":"https:\/\/conceptszeged.hu\/wp-content\/uploads\/2024\/12\/1L6A1872-scaled-e1761300114289.jpeg","width":2560,"height":1706},{"@type":"BreadcrumbList","@id":"https:\/\/conceptszeged.hu\/en\/product\/tokaji-dream-terrine\/#breadcrumb","itemListElement":[{"@type":"ListItem","position":1,"name":"Kezd\u0151lap","item":"https:\/\/conceptszeged.hu\/en\/"},{"@type":"ListItem","position":2,"name":"Products","item":"https:\/\/conceptszeged.hu\/en\/shop\/"},{"@type":"ListItem","position":3,"name":"Grilled goose liver"}]},{"@type":"WebSite","@id":"https:\/\/conceptszeged.hu\/en\/#website","url":"https:\/\/conceptszeged.hu\/en\/","name":"Concept Bisztr\u00f3","description":"Igazi \u00ednyencs\u00e9gek Szeged sz\u00edv\u00e9ben","potentialAction":[{"@type":"SearchAction","target":{"@type":"EntryPoint","urlTemplate":"https:\/\/conceptszeged.hu\/en\/?s={search_term_string}"},"query-input":{"@type":"PropertyValueSpecification","valueRequired":true,"valueName":"search_term_string"}}],"inLanguage":"en-US"}]}},"_links":{"self":[{"href":"https:\/\/conceptszeged.hu\/en\/wp-json\/wp\/v2\/product\/1645","targetHints":{"allow":["GET"]}}],"collection":[{"href":"https:\/\/conceptszeged.hu\/en\/wp-json\/wp\/v2\/product"}],"about":[{"href":"https:\/\/conceptszeged.hu\/en\/wp-json\/wp\/v2\/types\/product"}],"version-history":[{"count":2,"href":"https:\/\/conceptszeged.hu\/en\/wp-json\/wp\/v2\/product\/1645\/revisions"}],"predecessor-version":[{"id":2613,"href":"https:\/\/conceptszeged.hu\/en\/wp-json\/wp\/v2\/product\/1645\/revisions\/2613"}],"wp:featuredmedia":[{"embeddable":true,"href":"https:\/\/conceptszeged.hu\/en\/wp-json\/wp\/v2\/media\/2374"}],"wp:attachment":[{"href":"https:\/\/conceptszeged.hu\/en\/wp-json\/wp\/v2\/media?parent=1645"}],"wp:term":[{"taxonomy":"brand","embeddable":true,"href":"https:\/\/conceptszeged.hu\/en\/wp-json\/wp\/v2\/etheme_brands?post=1645"},{"taxonomy":"product_cat","embeddable":true,"href":"https:\/\/conceptszeged.hu\/en\/wp-json\/wp\/v2\/product_cat?post=1645"},{"taxonomy":"product_tag","embeddable":true,"href":"https:\/\/conceptszeged.hu\/en\/wp-json\/wp\/v2\/product_tag?post=1645"}],"curies":[{"name":"wp","href":"https:\/\/api.w.org\/{rel}","templated":true}]}}