{"id":1670,"date":"2024-12-09T11:24:44","date_gmt":"2024-12-09T10:24:44","guid":{"rendered":"https:\/\/conceptszeged.hu\/product\/hungarian-beef-stew\/"},"modified":"2024-12-09T11:24:44","modified_gmt":"2024-12-09T10:24:44","slug":"hungarian-beef-stew","status":"publish","type":"product","link":"https:\/\/conceptszeged.hu\/en\/product\/hungarian-beef-stew\/","title":{"rendered":"Hungarian beef stew"},"content":{"rendered":"","protected":false},"excerpt":{"rendered":"<p><span data-sheets-root=\"1\">Slow-cooked beef stew served with homemade dumplings and cucumber salad with sour cream<\/span><\/p>\n","protected":false},"featured_media":2520,"template":"","meta":[],"etheme_brands":[{"term_id":27,"name":"1","slug":"1","term_group":0,"term_taxonomy_id":27,"taxonomy":"brand","description":"","parent":0,"count":72,"filter":"raw"},{"term_id":38,"name":"12","slug":"12","term_group":0,"term_taxonomy_id":38,"taxonomy":"brand","description":"","parent":0,"count":3,"filter":"raw"},{"term_id":29,"name":"3","slug":"3","term_group":0,"term_taxonomy_id":29,"taxonomy":"brand","description":"","parent":0,"count":37,"filter":"raw"},{"term_id":33,"name":"7","slug":"7","term_group":0,"term_taxonomy_id":33,"taxonomy":"brand","description":"","parent":0,"count":60,"filter":"raw"}],"product_cat":[55],"product_tag":[],"class_list":{"0":"post-1670","1":"product","2":"type-product","3":"status-publish","4":"has-post-thumbnail","6":"brand-27","7":"brand-38","8":"brand-29","9":"brand-33","10":"product_cat-main-dish","12":"first","13":"instock","14":"shipping-taxable","15":"purchasable","16":"product-type-simple"},"yoast_head":"<!-- This site is optimized with the Yoast SEO plugin v24.0 - https:\/\/yoast.com\/wordpress\/plugins\/seo\/ -->\n<title>Hungarian beef stew - Concept Bisztr\u00f3<\/title>\n<meta name=\"robots\" content=\"index, follow, max-snippet:-1, max-image-preview:large, max-video-preview:-1\" \/>\n<link rel=\"canonical\" href=\"https:\/\/conceptszeged.hu\/en\/product\/hungarian-beef-stew\/\" \/>\n<meta property=\"og:locale\" content=\"en_US\" \/>\n<meta property=\"og:type\" content=\"article\" \/>\n<meta property=\"og:title\" content=\"Hungarian beef stew - Concept Bisztr\u00f3\" \/>\n<meta property=\"og:description\" content=\"Slow-cooked beef stew served with homemade dumplings and cucumber salad with sour cream\" \/>\n<meta property=\"og:url\" content=\"https:\/\/conceptszeged.hu\/en\/product\/hungarian-beef-stew\/\" \/>\n<meta property=\"og:site_name\" content=\"Concept Bisztr\u00f3\" \/>\n<meta property=\"og:image\" content=\"https:\/\/conceptszeged.hu\/wp-content\/uploads\/2025\/10\/1L6A1783-1-scaled-e1763030256702.jpg\" \/>\n\t<meta property=\"og:image:width\" content=\"2560\" \/>\n\t<meta property=\"og:image:height\" content=\"1707\" \/>\n\t<meta property=\"og:image:type\" content=\"image\/jpeg\" \/>\n<meta name=\"twitter:card\" content=\"summary_large_image\" \/>\n<script type=\"application\/ld+json\" class=\"yoast-schema-graph\">{\"@context\":\"https:\/\/schema.org\",\"@graph\":[{\"@type\":\"WebPage\",\"@id\":\"https:\/\/conceptszeged.hu\/en\/product\/hungarian-beef-stew\/\",\"url\":\"https:\/\/conceptszeged.hu\/en\/product\/hungarian-beef-stew\/\",\"name\":\"Hungarian beef stew - Concept Bisztr\u00f3\",\"isPartOf\":{\"@id\":\"https:\/\/conceptszeged.hu\/en\/#website\"},\"primaryImageOfPage\":{\"@id\":\"https:\/\/conceptszeged.hu\/en\/product\/hungarian-beef-stew\/#primaryimage\"},\"image\":{\"@id\":\"https:\/\/conceptszeged.hu\/en\/product\/hungarian-beef-stew\/#primaryimage\"},\"thumbnailUrl\":\"https:\/\/conceptszeged.hu\/wp-content\/uploads\/2025\/10\/1L6A1783-1-scaled-e1763030256702.jpg\",\"datePublished\":\"2024-12-09T10:24:44+00:00\",\"dateModified\":\"2024-12-09T10:24:44+00:00\",\"breadcrumb\":{\"@id\":\"https:\/\/conceptszeged.hu\/en\/product\/hungarian-beef-stew\/#breadcrumb\"},\"inLanguage\":\"en-US\",\"potentialAction\":[{\"@type\":\"ReadAction\",\"target\":[\"https:\/\/conceptszeged.hu\/en\/product\/hungarian-beef-stew\/\"]}]},{\"@type\":\"ImageObject\",\"inLanguage\":\"en-US\",\"@id\":\"https:\/\/conceptszeged.hu\/en\/product\/hungarian-beef-stew\/#primaryimage\",\"url\":\"https:\/\/conceptszeged.hu\/wp-content\/uploads\/2025\/10\/1L6A1783-1-scaled-e1763030256702.jpg\",\"contentUrl\":\"https:\/\/conceptszeged.hu\/wp-content\/uploads\/2025\/10\/1L6A1783-1-scaled-e1763030256702.jpg\",\"width\":2560,\"height\":1707},{\"@type\":\"BreadcrumbList\",\"@id\":\"https:\/\/conceptszeged.hu\/en\/product\/hungarian-beef-stew\/#breadcrumb\",\"itemListElement\":[{\"@type\":\"ListItem\",\"position\":1,\"name\":\"Kezd\u0151lap\",\"item\":\"https:\/\/conceptszeged.hu\/en\/\"},{\"@type\":\"ListItem\",\"position\":2,\"name\":\"Products\",\"item\":\"https:\/\/conceptszeged.hu\/en\/shop\/\"},{\"@type\":\"ListItem\",\"position\":3,\"name\":\"Hungarian beef stew\"}]},{\"@type\":\"WebSite\",\"@id\":\"https:\/\/conceptszeged.hu\/en\/#website\",\"url\":\"https:\/\/conceptszeged.hu\/en\/\",\"name\":\"Concept Bisztr\u00f3\",\"description\":\"Igazi \u00ednyencs\u00e9gek Szeged sz\u00edv\u00e9ben\",\"potentialAction\":[{\"@type\":\"SearchAction\",\"target\":{\"@type\":\"EntryPoint\",\"urlTemplate\":\"https:\/\/conceptszeged.hu\/en\/?s={search_term_string}\"},\"query-input\":{\"@type\":\"PropertyValueSpecification\",\"valueRequired\":true,\"valueName\":\"search_term_string\"}}],\"inLanguage\":\"en-US\"}]}<\/script>\n<!-- \/ Yoast SEO plugin. -->","yoast_head_json":{"title":"Hungarian beef stew - Concept Bisztr\u00f3","robots":{"index":"index","follow":"follow","max-snippet":"max-snippet:-1","max-image-preview":"max-image-preview:large","max-video-preview":"max-video-preview:-1"},"canonical":"https:\/\/conceptszeged.hu\/en\/product\/hungarian-beef-stew\/","og_locale":"en_US","og_type":"article","og_title":"Hungarian beef stew - Concept Bisztr\u00f3","og_description":"Slow-cooked beef stew served with homemade dumplings and cucumber salad with sour cream","og_url":"https:\/\/conceptszeged.hu\/en\/product\/hungarian-beef-stew\/","og_site_name":"Concept Bisztr\u00f3","og_image":[{"width":2560,"height":1707,"url":"https:\/\/conceptszeged.hu\/wp-content\/uploads\/2025\/10\/1L6A1783-1-scaled-e1763030256702.jpg","type":"image\/jpeg"}],"twitter_card":"summary_large_image","schema":{"@context":"https:\/\/schema.org","@graph":[{"@type":"WebPage","@id":"https:\/\/conceptszeged.hu\/en\/product\/hungarian-beef-stew\/","url":"https:\/\/conceptszeged.hu\/en\/product\/hungarian-beef-stew\/","name":"Hungarian beef stew - Concept Bisztr\u00f3","isPartOf":{"@id":"https:\/\/conceptszeged.hu\/en\/#website"},"primaryImageOfPage":{"@id":"https:\/\/conceptszeged.hu\/en\/product\/hungarian-beef-stew\/#primaryimage"},"image":{"@id":"https:\/\/conceptszeged.hu\/en\/product\/hungarian-beef-stew\/#primaryimage"},"thumbnailUrl":"https:\/\/conceptszeged.hu\/wp-content\/uploads\/2025\/10\/1L6A1783-1-scaled-e1763030256702.jpg","datePublished":"2024-12-09T10:24:44+00:00","dateModified":"2024-12-09T10:24:44+00:00","breadcrumb":{"@id":"https:\/\/conceptszeged.hu\/en\/product\/hungarian-beef-stew\/#breadcrumb"},"inLanguage":"en-US","potentialAction":[{"@type":"ReadAction","target":["https:\/\/conceptszeged.hu\/en\/product\/hungarian-beef-stew\/"]}]},{"@type":"ImageObject","inLanguage":"en-US","@id":"https:\/\/conceptszeged.hu\/en\/product\/hungarian-beef-stew\/#primaryimage","url":"https:\/\/conceptszeged.hu\/wp-content\/uploads\/2025\/10\/1L6A1783-1-scaled-e1763030256702.jpg","contentUrl":"https:\/\/conceptszeged.hu\/wp-content\/uploads\/2025\/10\/1L6A1783-1-scaled-e1763030256702.jpg","width":2560,"height":1707},{"@type":"BreadcrumbList","@id":"https:\/\/conceptszeged.hu\/en\/product\/hungarian-beef-stew\/#breadcrumb","itemListElement":[{"@type":"ListItem","position":1,"name":"Kezd\u0151lap","item":"https:\/\/conceptszeged.hu\/en\/"},{"@type":"ListItem","position":2,"name":"Products","item":"https:\/\/conceptszeged.hu\/en\/shop\/"},{"@type":"ListItem","position":3,"name":"Hungarian beef stew"}]},{"@type":"WebSite","@id":"https:\/\/conceptszeged.hu\/en\/#website","url":"https:\/\/conceptszeged.hu\/en\/","name":"Concept Bisztr\u00f3","description":"Igazi \u00ednyencs\u00e9gek Szeged sz\u00edv\u00e9ben","potentialAction":[{"@type":"SearchAction","target":{"@type":"EntryPoint","urlTemplate":"https:\/\/conceptszeged.hu\/en\/?s={search_term_string}"},"query-input":{"@type":"PropertyValueSpecification","valueRequired":true,"valueName":"search_term_string"}}],"inLanguage":"en-US"}]}},"_links":{"self":[{"href":"https:\/\/conceptszeged.hu\/en\/wp-json\/wp\/v2\/product\/1670","targetHints":{"allow":["GET"]}}],"collection":[{"href":"https:\/\/conceptszeged.hu\/en\/wp-json\/wp\/v2\/product"}],"about":[{"href":"https:\/\/conceptszeged.hu\/en\/wp-json\/wp\/v2\/types\/product"}],"version-history":[{"count":0,"href":"https:\/\/conceptszeged.hu\/en\/wp-json\/wp\/v2\/product\/1670\/revisions"}],"wp:featuredmedia":[{"embeddable":true,"href":"https:\/\/conceptszeged.hu\/en\/wp-json\/wp\/v2\/media\/2520"}],"wp:attachment":[{"href":"https:\/\/conceptszeged.hu\/en\/wp-json\/wp\/v2\/media?parent=1670"}],"wp:term":[{"taxonomy":"brand","embeddable":true,"href":"https:\/\/conceptszeged.hu\/en\/wp-json\/wp\/v2\/etheme_brands?post=1670"},{"taxonomy":"product_cat","embeddable":true,"href":"https:\/\/conceptszeged.hu\/en\/wp-json\/wp\/v2\/product_cat?post=1670"},{"taxonomy":"product_tag","embeddable":true,"href":"https:\/\/conceptszeged.hu\/en\/wp-json\/wp\/v2\/product_tag?post=1670"}],"curies":[{"name":"wp","href":"https:\/\/api.w.org\/{rel}","templated":true}]}}