{"id":1739,"date":"2024-12-14T16:23:31","date_gmt":"2024-12-14T15:23:31","guid":{"rendered":"https:\/\/conceptszeged.hu\/product\/chocolate-fondue\/"},"modified":"2025-04-11T11:35:50","modified_gmt":"2025-04-11T09:35:50","slug":"chocolate-fondue","status":"publish","type":"product","link":"https:\/\/conceptszeged.hu\/en\/product\/chocolate-fondue\/","title":{"rendered":"Chocolate fondue"},"content":{"rendered":"","protected":false},"excerpt":{"rendered":"<p><span data-sheets-root=\"1\"><strong>Options:<\/strong><br \/>\n<\/span><span data-sheets-root=\"1\">Kinder chocolate fondue (4.790 <span class=\"woocommerce-Price-currencySymbol\">Ft<\/span>),<br \/>\nWith orange &amp; basil (4.790 <span class=\"woocommerce-Price-currencySymbol\">Ft<\/span>),<br \/>\nCappuccino fondue (4.790 <span class=\"woocommerce-Price-currencySymbol\">Ft<\/span>),<br \/>\nWith tonka bean, raspberry &amp; marshmallow (4.990 <span class=\"woocommerce-Price-currencySymbol\">Ft<\/span>)<\/span><\/p>\n","protected":false},"featured_media":1462,"template":"","meta":[],"etheme_brands":[{"term_id":27,"name":"1","slug":"1","term_group":0,"term_taxonomy_id":27,"taxonomy":"brand","description":"","parent":0,"count":72,"filter":"raw"},{"term_id":33,"name":"7","slug":"7","term_group":0,"term_taxonomy_id":33,"taxonomy":"brand","description":"","parent":0,"count":60,"filter":"raw"}],"product_cat":[63],"product_tag":[],"class_list":{"0":"post-1739","1":"product","2":"type-product","3":"status-publish","4":"has-post-thumbnail","6":"brand-27","7":"brand-33","8":"product_cat-fondue-collection","10":"first","11":"instock","12":"shipping-taxable","13":"purchasable","14":"product-type-simple"},"yoast_head":"<!-- This site is optimized with the Yoast SEO plugin v24.0 - https:\/\/yoast.com\/wordpress\/plugins\/seo\/ -->\n<title>Chocolate fondue - Concept Bisztr\u00f3<\/title>\n<meta name=\"robots\" content=\"index, follow, max-snippet:-1, max-image-preview:large, max-video-preview:-1\" \/>\n<link rel=\"canonical\" href=\"https:\/\/conceptszeged.hu\/en\/product\/chocolate-fondue\/\" \/>\n<meta property=\"og:locale\" content=\"en_US\" \/>\n<meta property=\"og:type\" content=\"article\" \/>\n<meta property=\"og:title\" content=\"Chocolate fondue - Concept Bisztr\u00f3\" \/>\n<meta property=\"og:description\" content=\"Options: Kinder chocolate fondue (4.790 Ft), With orange &amp; basil (4.790 Ft), Cappuccino fondue (4.790 Ft), With tonka bean, raspberry &amp; marshmallow (4.990 Ft)\" \/>\n<meta property=\"og:url\" content=\"https:\/\/conceptszeged.hu\/en\/product\/chocolate-fondue\/\" \/>\n<meta property=\"og:site_name\" content=\"Concept Bisztr\u00f3\" \/>\n<meta property=\"article:modified_time\" content=\"2025-04-11T09:35:50+00:00\" \/>\n<meta property=\"og:image\" content=\"https:\/\/conceptszeged.hu\/wp-content\/uploads\/2024\/12\/1L6A2047-masolata-1.jpg\" \/>\n\t<meta property=\"og:image:width\" content=\"2017\" \/>\n\t<meta property=\"og:image:height\" content=\"2019\" \/>\n\t<meta property=\"og:image:type\" content=\"image\/jpeg\" \/>\n<meta name=\"twitter:card\" content=\"summary_large_image\" \/>\n<script type=\"application\/ld+json\" class=\"yoast-schema-graph\">{\"@context\":\"https:\/\/schema.org\",\"@graph\":[{\"@type\":\"WebPage\",\"@id\":\"https:\/\/conceptszeged.hu\/en\/product\/chocolate-fondue\/\",\"url\":\"https:\/\/conceptszeged.hu\/en\/product\/chocolate-fondue\/\",\"name\":\"Chocolate fondue - Concept Bisztr\u00f3\",\"isPartOf\":{\"@id\":\"https:\/\/conceptszeged.hu\/en\/#website\"},\"primaryImageOfPage\":{\"@id\":\"https:\/\/conceptszeged.hu\/en\/product\/chocolate-fondue\/#primaryimage\"},\"image\":{\"@id\":\"https:\/\/conceptszeged.hu\/en\/product\/chocolate-fondue\/#primaryimage\"},\"thumbnailUrl\":\"https:\/\/conceptszeged.hu\/wp-content\/uploads\/2024\/12\/1L6A2047-masolata-1.jpg\",\"datePublished\":\"2024-12-14T15:23:31+00:00\",\"dateModified\":\"2025-04-11T09:35:50+00:00\",\"breadcrumb\":{\"@id\":\"https:\/\/conceptszeged.hu\/en\/product\/chocolate-fondue\/#breadcrumb\"},\"inLanguage\":\"en-US\",\"potentialAction\":[{\"@type\":\"ReadAction\",\"target\":[\"https:\/\/conceptszeged.hu\/en\/product\/chocolate-fondue\/\"]}]},{\"@type\":\"ImageObject\",\"inLanguage\":\"en-US\",\"@id\":\"https:\/\/conceptszeged.hu\/en\/product\/chocolate-fondue\/#primaryimage\",\"url\":\"https:\/\/conceptszeged.hu\/wp-content\/uploads\/2024\/12\/1L6A2047-masolata-1.jpg\",\"contentUrl\":\"https:\/\/conceptszeged.hu\/wp-content\/uploads\/2024\/12\/1L6A2047-masolata-1.jpg\",\"width\":2017,\"height\":2019},{\"@type\":\"BreadcrumbList\",\"@id\":\"https:\/\/conceptszeged.hu\/en\/product\/chocolate-fondue\/#breadcrumb\",\"itemListElement\":[{\"@type\":\"ListItem\",\"position\":1,\"name\":\"Kezd\u0151lap\",\"item\":\"https:\/\/conceptszeged.hu\/en\/\"},{\"@type\":\"ListItem\",\"position\":2,\"name\":\"Products\",\"item\":\"https:\/\/conceptszeged.hu\/en\/shop\/\"},{\"@type\":\"ListItem\",\"position\":3,\"name\":\"Chocolate fondue\"}]},{\"@type\":\"WebSite\",\"@id\":\"https:\/\/conceptszeged.hu\/en\/#website\",\"url\":\"https:\/\/conceptszeged.hu\/en\/\",\"name\":\"Concept Bisztr\u00f3\",\"description\":\"Igazi \u00ednyencs\u00e9gek Szeged sz\u00edv\u00e9ben\",\"potentialAction\":[{\"@type\":\"SearchAction\",\"target\":{\"@type\":\"EntryPoint\",\"urlTemplate\":\"https:\/\/conceptszeged.hu\/en\/?s={search_term_string}\"},\"query-input\":{\"@type\":\"PropertyValueSpecification\",\"valueRequired\":true,\"valueName\":\"search_term_string\"}}],\"inLanguage\":\"en-US\"}]}<\/script>\n<!-- \/ Yoast SEO plugin. -->","yoast_head_json":{"title":"Chocolate fondue - Concept Bisztr\u00f3","robots":{"index":"index","follow":"follow","max-snippet":"max-snippet:-1","max-image-preview":"max-image-preview:large","max-video-preview":"max-video-preview:-1"},"canonical":"https:\/\/conceptszeged.hu\/en\/product\/chocolate-fondue\/","og_locale":"en_US","og_type":"article","og_title":"Chocolate fondue - Concept Bisztr\u00f3","og_description":"Options: Kinder chocolate fondue (4.790 Ft), With orange &amp; basil (4.790 Ft), Cappuccino fondue (4.790 Ft), With tonka bean, raspberry &amp; marshmallow (4.990 Ft)","og_url":"https:\/\/conceptszeged.hu\/en\/product\/chocolate-fondue\/","og_site_name":"Concept Bisztr\u00f3","article_modified_time":"2025-04-11T09:35:50+00:00","og_image":[{"width":2017,"height":2019,"url":"https:\/\/conceptszeged.hu\/wp-content\/uploads\/2024\/12\/1L6A2047-masolata-1.jpg","type":"image\/jpeg"}],"twitter_card":"summary_large_image","schema":{"@context":"https:\/\/schema.org","@graph":[{"@type":"WebPage","@id":"https:\/\/conceptszeged.hu\/en\/product\/chocolate-fondue\/","url":"https:\/\/conceptszeged.hu\/en\/product\/chocolate-fondue\/","name":"Chocolate fondue - Concept Bisztr\u00f3","isPartOf":{"@id":"https:\/\/conceptszeged.hu\/en\/#website"},"primaryImageOfPage":{"@id":"https:\/\/conceptszeged.hu\/en\/product\/chocolate-fondue\/#primaryimage"},"image":{"@id":"https:\/\/conceptszeged.hu\/en\/product\/chocolate-fondue\/#primaryimage"},"thumbnailUrl":"https:\/\/conceptszeged.hu\/wp-content\/uploads\/2024\/12\/1L6A2047-masolata-1.jpg","datePublished":"2024-12-14T15:23:31+00:00","dateModified":"2025-04-11T09:35:50+00:00","breadcrumb":{"@id":"https:\/\/conceptszeged.hu\/en\/product\/chocolate-fondue\/#breadcrumb"},"inLanguage":"en-US","potentialAction":[{"@type":"ReadAction","target":["https:\/\/conceptszeged.hu\/en\/product\/chocolate-fondue\/"]}]},{"@type":"ImageObject","inLanguage":"en-US","@id":"https:\/\/conceptszeged.hu\/en\/product\/chocolate-fondue\/#primaryimage","url":"https:\/\/conceptszeged.hu\/wp-content\/uploads\/2024\/12\/1L6A2047-masolata-1.jpg","contentUrl":"https:\/\/conceptszeged.hu\/wp-content\/uploads\/2024\/12\/1L6A2047-masolata-1.jpg","width":2017,"height":2019},{"@type":"BreadcrumbList","@id":"https:\/\/conceptszeged.hu\/en\/product\/chocolate-fondue\/#breadcrumb","itemListElement":[{"@type":"ListItem","position":1,"name":"Kezd\u0151lap","item":"https:\/\/conceptszeged.hu\/en\/"},{"@type":"ListItem","position":2,"name":"Products","item":"https:\/\/conceptszeged.hu\/en\/shop\/"},{"@type":"ListItem","position":3,"name":"Chocolate fondue"}]},{"@type":"WebSite","@id":"https:\/\/conceptszeged.hu\/en\/#website","url":"https:\/\/conceptszeged.hu\/en\/","name":"Concept Bisztr\u00f3","description":"Igazi \u00ednyencs\u00e9gek Szeged sz\u00edv\u00e9ben","potentialAction":[{"@type":"SearchAction","target":{"@type":"EntryPoint","urlTemplate":"https:\/\/conceptszeged.hu\/en\/?s={search_term_string}"},"query-input":{"@type":"PropertyValueSpecification","valueRequired":true,"valueName":"search_term_string"}}],"inLanguage":"en-US"}]}},"_links":{"self":[{"href":"https:\/\/conceptszeged.hu\/en\/wp-json\/wp\/v2\/product\/1739","targetHints":{"allow":["GET"]}}],"collection":[{"href":"https:\/\/conceptszeged.hu\/en\/wp-json\/wp\/v2\/product"}],"about":[{"href":"https:\/\/conceptszeged.hu\/en\/wp-json\/wp\/v2\/types\/product"}],"version-history":[{"count":1,"href":"https:\/\/conceptszeged.hu\/en\/wp-json\/wp\/v2\/product\/1739\/revisions"}],"predecessor-version":[{"id":1748,"href":"https:\/\/conceptszeged.hu\/en\/wp-json\/wp\/v2\/product\/1739\/revisions\/1748"}],"wp:featuredmedia":[{"embeddable":true,"href":"https:\/\/conceptszeged.hu\/en\/wp-json\/wp\/v2\/media\/1462"}],"wp:attachment":[{"href":"https:\/\/conceptszeged.hu\/en\/wp-json\/wp\/v2\/media?parent=1739"}],"wp:term":[{"taxonomy":"brand","embeddable":true,"href":"https:\/\/conceptszeged.hu\/en\/wp-json\/wp\/v2\/etheme_brands?post=1739"},{"taxonomy":"product_cat","embeddable":true,"href":"https:\/\/conceptszeged.hu\/en\/wp-json\/wp\/v2\/product_cat?post=1739"},{"taxonomy":"product_tag","embeddable":true,"href":"https:\/\/conceptszeged.hu\/en\/wp-json\/wp\/v2\/product_tag?post=1739"}],"curies":[{"name":"wp","href":"https:\/\/api.w.org\/{rel}","templated":true}]}}