{"id":1742,"date":"2024-12-14T16:25:32","date_gmt":"2024-12-14T15:25:32","guid":{"rendered":"https:\/\/conceptszeged.hu\/product\/cheese-fondue\/"},"modified":"2025-04-11T11:36:42","modified_gmt":"2025-04-11T09:36:42","slug":"cheese-fondue","status":"publish","type":"product","link":"https:\/\/conceptszeged.hu\/en\/product\/cheese-fondue\/","title":{"rendered":"Cheese fondue"},"content":{"rendered":"","protected":false},"excerpt":{"rendered":"<p><strong>Options:<\/strong><br \/>\nClassic (4.390 Ft),<br \/>\nWith toasted bacon (4.990 <span class=\"woocommerce-Price-currencySymbol\">Ft<\/span>),<br \/>\nWith basil pesto (4.790 <span class=\"woocommerce-Price-currencySymbol\">Ft)<\/span>,<br \/>\nWith sun-dried tomatoes (4.790 <span class=\"woocommerce-Price-currencySymbol\">Ft<\/span>)<\/p>\n","protected":false},"featured_media":1362,"template":"","meta":[],"etheme_brands":[{"term_id":27,"name":"1","slug":"1","term_group":0,"term_taxonomy_id":27,"taxonomy":"brand","description":"","parent":0,"count":72,"filter":"raw"},{"term_id":33,"name":"7","slug":"7","term_group":0,"term_taxonomy_id":33,"taxonomy":"brand","description":"","parent":0,"count":60,"filter":"raw"},{"term_id":35,"name":"9","slug":"9","term_group":0,"term_taxonomy_id":35,"taxonomy":"brand","description":"","parent":0,"count":7,"filter":"raw"}],"product_cat":[63],"product_tag":[],"class_list":{"0":"post-1742","1":"product","2":"type-product","3":"status-publish","4":"has-post-thumbnail","6":"brand-27","7":"brand-33","8":"brand-35","9":"product_cat-fondue-collection","11":"first","12":"instock","13":"shipping-taxable","14":"purchasable","15":"product-type-simple"},"yoast_head":"<!-- This site is optimized with the Yoast SEO plugin v24.0 - https:\/\/yoast.com\/wordpress\/plugins\/seo\/ -->\n<title>Cheese fondue - Concept Bisztr\u00f3<\/title>\n<meta name=\"robots\" content=\"index, follow, max-snippet:-1, max-image-preview:large, max-video-preview:-1\" \/>\n<link rel=\"canonical\" href=\"https:\/\/conceptszeged.hu\/en\/product\/cheese-fondue\/\" \/>\n<meta property=\"og:locale\" content=\"en_US\" \/>\n<meta property=\"og:type\" content=\"article\" \/>\n<meta property=\"og:title\" content=\"Cheese fondue - Concept Bisztr\u00f3\" \/>\n<meta property=\"og:description\" content=\"Options: Classic (4.390 Ft), With toasted bacon (4.990 Ft), With basil pesto (4.790 Ft), With sun-dried tomatoes (4.790 Ft)\" \/>\n<meta property=\"og:url\" content=\"https:\/\/conceptszeged.hu\/en\/product\/cheese-fondue\/\" \/>\n<meta property=\"og:site_name\" content=\"Concept Bisztr\u00f3\" \/>\n<meta property=\"article:modified_time\" content=\"2025-04-11T09:36:42+00:00\" \/>\n<meta property=\"og:image\" content=\"https:\/\/conceptszeged.hu\/wp-content\/uploads\/2024\/12\/fondue.jpg\" \/>\n\t<meta property=\"og:image:width\" content=\"940\" \/>\n\t<meta property=\"og:image:height\" content=\"788\" \/>\n\t<meta property=\"og:image:type\" content=\"image\/jpeg\" \/>\n<meta name=\"twitter:card\" content=\"summary_large_image\" \/>\n<script type=\"application\/ld+json\" class=\"yoast-schema-graph\">{\"@context\":\"https:\/\/schema.org\",\"@graph\":[{\"@type\":\"WebPage\",\"@id\":\"https:\/\/conceptszeged.hu\/en\/product\/cheese-fondue\/\",\"url\":\"https:\/\/conceptszeged.hu\/en\/product\/cheese-fondue\/\",\"name\":\"Cheese fondue - Concept Bisztr\u00f3\",\"isPartOf\":{\"@id\":\"https:\/\/conceptszeged.hu\/en\/#website\"},\"primaryImageOfPage\":{\"@id\":\"https:\/\/conceptszeged.hu\/en\/product\/cheese-fondue\/#primaryimage\"},\"image\":{\"@id\":\"https:\/\/conceptszeged.hu\/en\/product\/cheese-fondue\/#primaryimage\"},\"thumbnailUrl\":\"https:\/\/conceptszeged.hu\/wp-content\/uploads\/2024\/12\/fondue.jpg\",\"datePublished\":\"2024-12-14T15:25:32+00:00\",\"dateModified\":\"2025-04-11T09:36:42+00:00\",\"breadcrumb\":{\"@id\":\"https:\/\/conceptszeged.hu\/en\/product\/cheese-fondue\/#breadcrumb\"},\"inLanguage\":\"en-US\",\"potentialAction\":[{\"@type\":\"ReadAction\",\"target\":[\"https:\/\/conceptszeged.hu\/en\/product\/cheese-fondue\/\"]}]},{\"@type\":\"ImageObject\",\"inLanguage\":\"en-US\",\"@id\":\"https:\/\/conceptszeged.hu\/en\/product\/cheese-fondue\/#primaryimage\",\"url\":\"https:\/\/conceptszeged.hu\/wp-content\/uploads\/2024\/12\/fondue.jpg\",\"contentUrl\":\"https:\/\/conceptszeged.hu\/wp-content\/uploads\/2024\/12\/fondue.jpg\",\"width\":940,\"height\":788},{\"@type\":\"BreadcrumbList\",\"@id\":\"https:\/\/conceptszeged.hu\/en\/product\/cheese-fondue\/#breadcrumb\",\"itemListElement\":[{\"@type\":\"ListItem\",\"position\":1,\"name\":\"Kezd\u0151lap\",\"item\":\"https:\/\/conceptszeged.hu\/en\/\"},{\"@type\":\"ListItem\",\"position\":2,\"name\":\"Products\",\"item\":\"https:\/\/conceptszeged.hu\/en\/shop\/\"},{\"@type\":\"ListItem\",\"position\":3,\"name\":\"Cheese fondue\"}]},{\"@type\":\"WebSite\",\"@id\":\"https:\/\/conceptszeged.hu\/en\/#website\",\"url\":\"https:\/\/conceptszeged.hu\/en\/\",\"name\":\"Concept Bisztr\u00f3\",\"description\":\"Igazi \u00ednyencs\u00e9gek Szeged sz\u00edv\u00e9ben\",\"potentialAction\":[{\"@type\":\"SearchAction\",\"target\":{\"@type\":\"EntryPoint\",\"urlTemplate\":\"https:\/\/conceptszeged.hu\/en\/?s={search_term_string}\"},\"query-input\":{\"@type\":\"PropertyValueSpecification\",\"valueRequired\":true,\"valueName\":\"search_term_string\"}}],\"inLanguage\":\"en-US\"}]}<\/script>\n<!-- \/ Yoast SEO plugin. -->","yoast_head_json":{"title":"Cheese fondue - Concept Bisztr\u00f3","robots":{"index":"index","follow":"follow","max-snippet":"max-snippet:-1","max-image-preview":"max-image-preview:large","max-video-preview":"max-video-preview:-1"},"canonical":"https:\/\/conceptszeged.hu\/en\/product\/cheese-fondue\/","og_locale":"en_US","og_type":"article","og_title":"Cheese fondue - Concept Bisztr\u00f3","og_description":"Options: Classic (4.390 Ft), With toasted bacon (4.990 Ft), With basil pesto (4.790 Ft), With sun-dried tomatoes (4.790 Ft)","og_url":"https:\/\/conceptszeged.hu\/en\/product\/cheese-fondue\/","og_site_name":"Concept Bisztr\u00f3","article_modified_time":"2025-04-11T09:36:42+00:00","og_image":[{"width":940,"height":788,"url":"https:\/\/conceptszeged.hu\/wp-content\/uploads\/2024\/12\/fondue.jpg","type":"image\/jpeg"}],"twitter_card":"summary_large_image","schema":{"@context":"https:\/\/schema.org","@graph":[{"@type":"WebPage","@id":"https:\/\/conceptszeged.hu\/en\/product\/cheese-fondue\/","url":"https:\/\/conceptszeged.hu\/en\/product\/cheese-fondue\/","name":"Cheese fondue - Concept Bisztr\u00f3","isPartOf":{"@id":"https:\/\/conceptszeged.hu\/en\/#website"},"primaryImageOfPage":{"@id":"https:\/\/conceptszeged.hu\/en\/product\/cheese-fondue\/#primaryimage"},"image":{"@id":"https:\/\/conceptszeged.hu\/en\/product\/cheese-fondue\/#primaryimage"},"thumbnailUrl":"https:\/\/conceptszeged.hu\/wp-content\/uploads\/2024\/12\/fondue.jpg","datePublished":"2024-12-14T15:25:32+00:00","dateModified":"2025-04-11T09:36:42+00:00","breadcrumb":{"@id":"https:\/\/conceptszeged.hu\/en\/product\/cheese-fondue\/#breadcrumb"},"inLanguage":"en-US","potentialAction":[{"@type":"ReadAction","target":["https:\/\/conceptszeged.hu\/en\/product\/cheese-fondue\/"]}]},{"@type":"ImageObject","inLanguage":"en-US","@id":"https:\/\/conceptszeged.hu\/en\/product\/cheese-fondue\/#primaryimage","url":"https:\/\/conceptszeged.hu\/wp-content\/uploads\/2024\/12\/fondue.jpg","contentUrl":"https:\/\/conceptszeged.hu\/wp-content\/uploads\/2024\/12\/fondue.jpg","width":940,"height":788},{"@type":"BreadcrumbList","@id":"https:\/\/conceptszeged.hu\/en\/product\/cheese-fondue\/#breadcrumb","itemListElement":[{"@type":"ListItem","position":1,"name":"Kezd\u0151lap","item":"https:\/\/conceptszeged.hu\/en\/"},{"@type":"ListItem","position":2,"name":"Products","item":"https:\/\/conceptszeged.hu\/en\/shop\/"},{"@type":"ListItem","position":3,"name":"Cheese fondue"}]},{"@type":"WebSite","@id":"https:\/\/conceptszeged.hu\/en\/#website","url":"https:\/\/conceptszeged.hu\/en\/","name":"Concept Bisztr\u00f3","description":"Igazi \u00ednyencs\u00e9gek Szeged sz\u00edv\u00e9ben","potentialAction":[{"@type":"SearchAction","target":{"@type":"EntryPoint","urlTemplate":"https:\/\/conceptszeged.hu\/en\/?s={search_term_string}"},"query-input":{"@type":"PropertyValueSpecification","valueRequired":true,"valueName":"search_term_string"}}],"inLanguage":"en-US"}]}},"_links":{"self":[{"href":"https:\/\/conceptszeged.hu\/en\/wp-json\/wp\/v2\/product\/1742","targetHints":{"allow":["GET"]}}],"collection":[{"href":"https:\/\/conceptszeged.hu\/en\/wp-json\/wp\/v2\/product"}],"about":[{"href":"https:\/\/conceptszeged.hu\/en\/wp-json\/wp\/v2\/types\/product"}],"version-history":[{"count":1,"href":"https:\/\/conceptszeged.hu\/en\/wp-json\/wp\/v2\/product\/1742\/revisions"}],"predecessor-version":[{"id":1749,"href":"https:\/\/conceptszeged.hu\/en\/wp-json\/wp\/v2\/product\/1742\/revisions\/1749"}],"wp:featuredmedia":[{"embeddable":true,"href":"https:\/\/conceptszeged.hu\/en\/wp-json\/wp\/v2\/media\/1362"}],"wp:attachment":[{"href":"https:\/\/conceptszeged.hu\/en\/wp-json\/wp\/v2\/media?parent=1742"}],"wp:term":[{"taxonomy":"brand","embeddable":true,"href":"https:\/\/conceptszeged.hu\/en\/wp-json\/wp\/v2\/etheme_brands?post=1742"},{"taxonomy":"product_cat","embeddable":true,"href":"https:\/\/conceptszeged.hu\/en\/wp-json\/wp\/v2\/product_cat?post=1742"},{"taxonomy":"product_tag","embeddable":true,"href":"https:\/\/conceptszeged.hu\/en\/wp-json\/wp\/v2\/product_tag?post=1742"}],"curies":[{"name":"wp","href":"https:\/\/api.w.org\/{rel}","templated":true}]}}