{"id":2546,"date":"2025-11-13T12:17:17","date_gmt":"2025-11-13T11:17:17","guid":{"rendered":"https:\/\/conceptszeged.hu\/product\/jokai-bean-soup-5-dl\/"},"modified":"2025-11-26T11:41:05","modified_gmt":"2025-11-26T10:41:05","slug":"jokai-bean-soup-5-dl","status":"publish","type":"product","link":"https:\/\/conceptszeged.hu\/en\/product\/jokai-bean-soup-5-dl\/","title":{"rendered":"J\u00f3kai bean soup ( 5 dl )"},"content":{"rendered":"","protected":false},"excerpt":{"rendered":"<p>With hot paprika, sour cream, fresh homemade bread<\/p>\n","protected":false},"featured_media":2524,"template":"","meta":[],"etheme_brands":[{"term_id":27,"name":"1","slug":"1","term_group":0,"term_taxonomy_id":27,"taxonomy":"brand","description":"","parent":0,"count":72,"filter":"raw"},{"term_id":33,"name":"7","slug":"7","term_group":0,"term_taxonomy_id":33,"taxonomy":"brand","description":"","parent":0,"count":60,"filter":"raw"}],"product_cat":[59],"product_tag":[],"class_list":{"0":"post-2546","1":"product","2":"type-product","3":"status-publish","4":"has-post-thumbnail","6":"brand-27","7":"brand-33","8":"product_cat-soup","10":"first","11":"instock","12":"shipping-taxable","13":"purchasable","14":"product-type-simple"},"yoast_head":"<!-- This site is optimized with the Yoast SEO plugin v24.0 - https:\/\/yoast.com\/wordpress\/plugins\/seo\/ -->\n<title>J\u00f3kai bean soup ( 5 dl ) - Concept Bisztr\u00f3<\/title>\n<meta name=\"robots\" content=\"index, follow, max-snippet:-1, max-image-preview:large, max-video-preview:-1\" \/>\n<link rel=\"canonical\" href=\"https:\/\/conceptszeged.hu\/en\/product\/jokai-bean-soup-5-dl\/\" \/>\n<meta property=\"og:locale\" content=\"en_US\" \/>\n<meta property=\"og:type\" content=\"article\" \/>\n<meta property=\"og:title\" content=\"J\u00f3kai bean soup ( 5 dl ) - Concept Bisztr\u00f3\" \/>\n<meta property=\"og:description\" content=\"With hot paprika, sour cream, fresh homemade bread\" \/>\n<meta property=\"og:url\" content=\"https:\/\/conceptszeged.hu\/en\/product\/jokai-bean-soup-5-dl\/\" \/>\n<meta property=\"og:site_name\" content=\"Concept Bisztr\u00f3\" \/>\n<meta property=\"article:modified_time\" content=\"2025-11-26T10:41:05+00:00\" \/>\n<meta property=\"og:image\" content=\"https:\/\/conceptszeged.hu\/wp-content\/uploads\/2025\/11\/Nevtelen-terv-e1763032389147.png\" \/>\n\t<meta property=\"og:image:width\" content=\"1080\" \/>\n\t<meta property=\"og:image:height\" content=\"1350\" \/>\n\t<meta property=\"og:image:type\" content=\"image\/png\" \/>\n<meta name=\"twitter:card\" content=\"summary_large_image\" \/>\n<script type=\"application\/ld+json\" class=\"yoast-schema-graph\">{\"@context\":\"https:\/\/schema.org\",\"@graph\":[{\"@type\":\"WebPage\",\"@id\":\"https:\/\/conceptszeged.hu\/en\/product\/jokai-bean-soup-5-dl\/\",\"url\":\"https:\/\/conceptszeged.hu\/en\/product\/jokai-bean-soup-5-dl\/\",\"name\":\"J\u00f3kai bean soup ( 5 dl ) - Concept Bisztr\u00f3\",\"isPartOf\":{\"@id\":\"https:\/\/conceptszeged.hu\/en\/#website\"},\"primaryImageOfPage\":{\"@id\":\"https:\/\/conceptszeged.hu\/en\/product\/jokai-bean-soup-5-dl\/#primaryimage\"},\"image\":{\"@id\":\"https:\/\/conceptszeged.hu\/en\/product\/jokai-bean-soup-5-dl\/#primaryimage\"},\"thumbnailUrl\":\"https:\/\/conceptszeged.hu\/wp-content\/uploads\/2025\/11\/Nevtelen-terv-e1763032389147.png\",\"datePublished\":\"2025-11-13T11:17:17+00:00\",\"dateModified\":\"2025-11-26T10:41:05+00:00\",\"breadcrumb\":{\"@id\":\"https:\/\/conceptszeged.hu\/en\/product\/jokai-bean-soup-5-dl\/#breadcrumb\"},\"inLanguage\":\"en-US\",\"potentialAction\":[{\"@type\":\"ReadAction\",\"target\":[\"https:\/\/conceptszeged.hu\/en\/product\/jokai-bean-soup-5-dl\/\"]}]},{\"@type\":\"ImageObject\",\"inLanguage\":\"en-US\",\"@id\":\"https:\/\/conceptszeged.hu\/en\/product\/jokai-bean-soup-5-dl\/#primaryimage\",\"url\":\"https:\/\/conceptszeged.hu\/wp-content\/uploads\/2025\/11\/Nevtelen-terv-e1763032389147.png\",\"contentUrl\":\"https:\/\/conceptszeged.hu\/wp-content\/uploads\/2025\/11\/Nevtelen-terv-e1763032389147.png\",\"width\":1080,\"height\":1350},{\"@type\":\"BreadcrumbList\",\"@id\":\"https:\/\/conceptszeged.hu\/en\/product\/jokai-bean-soup-5-dl\/#breadcrumb\",\"itemListElement\":[{\"@type\":\"ListItem\",\"position\":1,\"name\":\"Kezd\u0151lap\",\"item\":\"https:\/\/conceptszeged.hu\/en\/\"},{\"@type\":\"ListItem\",\"position\":2,\"name\":\"Products\",\"item\":\"https:\/\/conceptszeged.hu\/en\/shop\/\"},{\"@type\":\"ListItem\",\"position\":3,\"name\":\"J\u00f3kai bean soup ( 5 dl )\"}]},{\"@type\":\"WebSite\",\"@id\":\"https:\/\/conceptszeged.hu\/en\/#website\",\"url\":\"https:\/\/conceptszeged.hu\/en\/\",\"name\":\"Concept Bisztr\u00f3\",\"description\":\"Igazi \u00ednyencs\u00e9gek Szeged sz\u00edv\u00e9ben\",\"potentialAction\":[{\"@type\":\"SearchAction\",\"target\":{\"@type\":\"EntryPoint\",\"urlTemplate\":\"https:\/\/conceptszeged.hu\/en\/?s={search_term_string}\"},\"query-input\":{\"@type\":\"PropertyValueSpecification\",\"valueRequired\":true,\"valueName\":\"search_term_string\"}}],\"inLanguage\":\"en-US\"}]}<\/script>\n<!-- \/ Yoast SEO plugin. -->","yoast_head_json":{"title":"J\u00f3kai bean soup ( 5 dl ) - Concept Bisztr\u00f3","robots":{"index":"index","follow":"follow","max-snippet":"max-snippet:-1","max-image-preview":"max-image-preview:large","max-video-preview":"max-video-preview:-1"},"canonical":"https:\/\/conceptszeged.hu\/en\/product\/jokai-bean-soup-5-dl\/","og_locale":"en_US","og_type":"article","og_title":"J\u00f3kai bean soup ( 5 dl ) - Concept Bisztr\u00f3","og_description":"With hot paprika, sour cream, fresh homemade bread","og_url":"https:\/\/conceptszeged.hu\/en\/product\/jokai-bean-soup-5-dl\/","og_site_name":"Concept Bisztr\u00f3","article_modified_time":"2025-11-26T10:41:05+00:00","og_image":[{"width":1080,"height":1350,"url":"https:\/\/conceptszeged.hu\/wp-content\/uploads\/2025\/11\/Nevtelen-terv-e1763032389147.png","type":"image\/png"}],"twitter_card":"summary_large_image","schema":{"@context":"https:\/\/schema.org","@graph":[{"@type":"WebPage","@id":"https:\/\/conceptszeged.hu\/en\/product\/jokai-bean-soup-5-dl\/","url":"https:\/\/conceptszeged.hu\/en\/product\/jokai-bean-soup-5-dl\/","name":"J\u00f3kai bean soup ( 5 dl ) - Concept Bisztr\u00f3","isPartOf":{"@id":"https:\/\/conceptszeged.hu\/en\/#website"},"primaryImageOfPage":{"@id":"https:\/\/conceptszeged.hu\/en\/product\/jokai-bean-soup-5-dl\/#primaryimage"},"image":{"@id":"https:\/\/conceptszeged.hu\/en\/product\/jokai-bean-soup-5-dl\/#primaryimage"},"thumbnailUrl":"https:\/\/conceptszeged.hu\/wp-content\/uploads\/2025\/11\/Nevtelen-terv-e1763032389147.png","datePublished":"2025-11-13T11:17:17+00:00","dateModified":"2025-11-26T10:41:05+00:00","breadcrumb":{"@id":"https:\/\/conceptszeged.hu\/en\/product\/jokai-bean-soup-5-dl\/#breadcrumb"},"inLanguage":"en-US","potentialAction":[{"@type":"ReadAction","target":["https:\/\/conceptszeged.hu\/en\/product\/jokai-bean-soup-5-dl\/"]}]},{"@type":"ImageObject","inLanguage":"en-US","@id":"https:\/\/conceptszeged.hu\/en\/product\/jokai-bean-soup-5-dl\/#primaryimage","url":"https:\/\/conceptszeged.hu\/wp-content\/uploads\/2025\/11\/Nevtelen-terv-e1763032389147.png","contentUrl":"https:\/\/conceptszeged.hu\/wp-content\/uploads\/2025\/11\/Nevtelen-terv-e1763032389147.png","width":1080,"height":1350},{"@type":"BreadcrumbList","@id":"https:\/\/conceptszeged.hu\/en\/product\/jokai-bean-soup-5-dl\/#breadcrumb","itemListElement":[{"@type":"ListItem","position":1,"name":"Kezd\u0151lap","item":"https:\/\/conceptszeged.hu\/en\/"},{"@type":"ListItem","position":2,"name":"Products","item":"https:\/\/conceptszeged.hu\/en\/shop\/"},{"@type":"ListItem","position":3,"name":"J\u00f3kai bean soup ( 5 dl )"}]},{"@type":"WebSite","@id":"https:\/\/conceptszeged.hu\/en\/#website","url":"https:\/\/conceptszeged.hu\/en\/","name":"Concept Bisztr\u00f3","description":"Igazi \u00ednyencs\u00e9gek Szeged sz\u00edv\u00e9ben","potentialAction":[{"@type":"SearchAction","target":{"@type":"EntryPoint","urlTemplate":"https:\/\/conceptszeged.hu\/en\/?s={search_term_string}"},"query-input":{"@type":"PropertyValueSpecification","valueRequired":true,"valueName":"search_term_string"}}],"inLanguage":"en-US"}]}},"_links":{"self":[{"href":"https:\/\/conceptszeged.hu\/en\/wp-json\/wp\/v2\/product\/2546","targetHints":{"allow":["GET"]}}],"collection":[{"href":"https:\/\/conceptszeged.hu\/en\/wp-json\/wp\/v2\/product"}],"about":[{"href":"https:\/\/conceptszeged.hu\/en\/wp-json\/wp\/v2\/types\/product"}],"version-history":[{"count":1,"href":"https:\/\/conceptszeged.hu\/en\/wp-json\/wp\/v2\/product\/2546\/revisions"}],"predecessor-version":[{"id":2616,"href":"https:\/\/conceptszeged.hu\/en\/wp-json\/wp\/v2\/product\/2546\/revisions\/2616"}],"wp:featuredmedia":[{"embeddable":true,"href":"https:\/\/conceptszeged.hu\/en\/wp-json\/wp\/v2\/media\/2524"}],"wp:attachment":[{"href":"https:\/\/conceptszeged.hu\/en\/wp-json\/wp\/v2\/media?parent=2546"}],"wp:term":[{"taxonomy":"brand","embeddable":true,"href":"https:\/\/conceptszeged.hu\/en\/wp-json\/wp\/v2\/etheme_brands?post=2546"},{"taxonomy":"product_cat","embeddable":true,"href":"https:\/\/conceptszeged.hu\/en\/wp-json\/wp\/v2\/product_cat?post=2546"},{"taxonomy":"product_tag","embeddable":true,"href":"https:\/\/conceptszeged.hu\/en\/wp-json\/wp\/v2\/product_tag?post=2546"}],"curies":[{"name":"wp","href":"https:\/\/api.w.org\/{rel}","templated":true}]}}