{"id":2646,"date":"2025-11-26T12:59:26","date_gmt":"2025-11-26T11:59:26","guid":{"rendered":"https:\/\/conceptszeged.hu\/product\/caesar-salad-2\/"},"modified":"2025-11-26T12:59:26","modified_gmt":"2025-11-26T11:59:26","slug":"caesar-salad-2","status":"publish","type":"product","link":"https:\/\/conceptszeged.hu\/en\/product\/caesar-salad-2\/","title":{"rendered":"Caesar salad"},"content":{"rendered":"","protected":false},"excerpt":{"rendered":"<p>fresh romaine lettuce, authentic Caesar dressing, parmesan shavings, rosemary croutons<\/p>\n<p>Optional<strong>:<\/strong><br \/>\nvegetarian (3.990 Ft)<br \/>\nchicken in panko breadcrumbs (4.490 <span class=\"woocommerce-Price-currencySymbol\">Ft<\/span>)<br \/>\ngrilled garlic prawns (4.990 <span class=\"woocommerce-Price-currencySymbol\">Ft<\/span>)<\/p>\n","protected":false},"featured_media":1560,"template":"","meta":[],"etheme_brands":[{"term_id":27,"name":"1","slug":"1","term_group":0,"term_taxonomy_id":27,"taxonomy":"brand","description":"","parent":0,"count":72,"filter":"raw"}],"product_cat":[67],"product_tag":[],"class_list":{"0":"post-2646","1":"product","2":"type-product","3":"status-publish","4":"has-post-thumbnail","6":"brand-27","7":"product_cat-salad","9":"first","10":"instock","11":"shipping-taxable","12":"purchasable","13":"product-type-simple"},"yoast_head":"<!-- This site is optimized with the Yoast SEO plugin v24.0 - https:\/\/yoast.com\/wordpress\/plugins\/seo\/ -->\n<title>Caesar salad - Concept Bisztr\u00f3<\/title>\n<meta name=\"robots\" content=\"index, follow, max-snippet:-1, max-image-preview:large, max-video-preview:-1\" \/>\n<link rel=\"canonical\" href=\"https:\/\/conceptszeged.hu\/en\/product\/caesar-salad-2\/\" \/>\n<meta property=\"og:locale\" content=\"en_US\" \/>\n<meta property=\"og:type\" content=\"article\" \/>\n<meta property=\"og:title\" content=\"Caesar salad - Concept Bisztr\u00f3\" \/>\n<meta property=\"og:description\" content=\"fresh romaine lettuce, authentic Caesar dressing, parmesan shavings, rosemary croutons Optional: vegetarian (3.990 Ft) chicken in panko breadcrumbs (4.490 Ft) grilled garlic prawns (4.990 Ft)\" \/>\n<meta property=\"og:url\" content=\"https:\/\/conceptszeged.hu\/en\/product\/caesar-salad-2\/\" \/>\n<meta property=\"og:site_name\" content=\"Concept Bisztr\u00f3\" \/>\n<meta property=\"og:image\" content=\"https:\/\/conceptszeged.hu\/wp-content\/uploads\/2024\/12\/Heti-menu-7.jpg\" \/>\n\t<meta property=\"og:image:width\" content=\"1080\" \/>\n\t<meta property=\"og:image:height\" content=\"1080\" \/>\n\t<meta property=\"og:image:type\" content=\"image\/jpeg\" \/>\n<meta name=\"twitter:card\" content=\"summary_large_image\" \/>\n<script type=\"application\/ld+json\" class=\"yoast-schema-graph\">{\"@context\":\"https:\/\/schema.org\",\"@graph\":[{\"@type\":\"WebPage\",\"@id\":\"https:\/\/conceptszeged.hu\/en\/product\/caesar-salad-2\/\",\"url\":\"https:\/\/conceptszeged.hu\/en\/product\/caesar-salad-2\/\",\"name\":\"Caesar salad - Concept Bisztr\u00f3\",\"isPartOf\":{\"@id\":\"https:\/\/conceptszeged.hu\/en\/#website\"},\"primaryImageOfPage\":{\"@id\":\"https:\/\/conceptszeged.hu\/en\/product\/caesar-salad-2\/#primaryimage\"},\"image\":{\"@id\":\"https:\/\/conceptszeged.hu\/en\/product\/caesar-salad-2\/#primaryimage\"},\"thumbnailUrl\":\"https:\/\/conceptszeged.hu\/wp-content\/uploads\/2024\/12\/Heti-menu-7.jpg\",\"datePublished\":\"2025-11-26T11:59:26+00:00\",\"dateModified\":\"2025-11-26T11:59:26+00:00\",\"breadcrumb\":{\"@id\":\"https:\/\/conceptszeged.hu\/en\/product\/caesar-salad-2\/#breadcrumb\"},\"inLanguage\":\"en-US\",\"potentialAction\":[{\"@type\":\"ReadAction\",\"target\":[\"https:\/\/conceptszeged.hu\/en\/product\/caesar-salad-2\/\"]}]},{\"@type\":\"ImageObject\",\"inLanguage\":\"en-US\",\"@id\":\"https:\/\/conceptszeged.hu\/en\/product\/caesar-salad-2\/#primaryimage\",\"url\":\"https:\/\/conceptszeged.hu\/wp-content\/uploads\/2024\/12\/Heti-menu-7.jpg\",\"contentUrl\":\"https:\/\/conceptszeged.hu\/wp-content\/uploads\/2024\/12\/Heti-menu-7.jpg\",\"width\":1080,\"height\":1080},{\"@type\":\"BreadcrumbList\",\"@id\":\"https:\/\/conceptszeged.hu\/en\/product\/caesar-salad-2\/#breadcrumb\",\"itemListElement\":[{\"@type\":\"ListItem\",\"position\":1,\"name\":\"Kezd\u0151lap\",\"item\":\"https:\/\/conceptszeged.hu\/en\/\"},{\"@type\":\"ListItem\",\"position\":2,\"name\":\"Products\",\"item\":\"https:\/\/conceptszeged.hu\/en\/shop\/\"},{\"@type\":\"ListItem\",\"position\":3,\"name\":\"Caesar salad\"}]},{\"@type\":\"WebSite\",\"@id\":\"https:\/\/conceptszeged.hu\/en\/#website\",\"url\":\"https:\/\/conceptszeged.hu\/en\/\",\"name\":\"Concept Bisztr\u00f3\",\"description\":\"Igazi \u00ednyencs\u00e9gek Szeged sz\u00edv\u00e9ben\",\"potentialAction\":[{\"@type\":\"SearchAction\",\"target\":{\"@type\":\"EntryPoint\",\"urlTemplate\":\"https:\/\/conceptszeged.hu\/en\/?s={search_term_string}\"},\"query-input\":{\"@type\":\"PropertyValueSpecification\",\"valueRequired\":true,\"valueName\":\"search_term_string\"}}],\"inLanguage\":\"en-US\"}]}<\/script>\n<!-- \/ Yoast SEO plugin. -->","yoast_head_json":{"title":"Caesar salad - Concept Bisztr\u00f3","robots":{"index":"index","follow":"follow","max-snippet":"max-snippet:-1","max-image-preview":"max-image-preview:large","max-video-preview":"max-video-preview:-1"},"canonical":"https:\/\/conceptszeged.hu\/en\/product\/caesar-salad-2\/","og_locale":"en_US","og_type":"article","og_title":"Caesar salad - Concept Bisztr\u00f3","og_description":"fresh romaine lettuce, authentic Caesar dressing, parmesan shavings, rosemary croutons Optional: vegetarian (3.990 Ft) chicken in panko breadcrumbs (4.490 Ft) grilled garlic prawns (4.990 Ft)","og_url":"https:\/\/conceptszeged.hu\/en\/product\/caesar-salad-2\/","og_site_name":"Concept Bisztr\u00f3","og_image":[{"width":1080,"height":1080,"url":"https:\/\/conceptszeged.hu\/wp-content\/uploads\/2024\/12\/Heti-menu-7.jpg","type":"image\/jpeg"}],"twitter_card":"summary_large_image","schema":{"@context":"https:\/\/schema.org","@graph":[{"@type":"WebPage","@id":"https:\/\/conceptszeged.hu\/en\/product\/caesar-salad-2\/","url":"https:\/\/conceptszeged.hu\/en\/product\/caesar-salad-2\/","name":"Caesar salad - Concept Bisztr\u00f3","isPartOf":{"@id":"https:\/\/conceptszeged.hu\/en\/#website"},"primaryImageOfPage":{"@id":"https:\/\/conceptszeged.hu\/en\/product\/caesar-salad-2\/#primaryimage"},"image":{"@id":"https:\/\/conceptszeged.hu\/en\/product\/caesar-salad-2\/#primaryimage"},"thumbnailUrl":"https:\/\/conceptszeged.hu\/wp-content\/uploads\/2024\/12\/Heti-menu-7.jpg","datePublished":"2025-11-26T11:59:26+00:00","dateModified":"2025-11-26T11:59:26+00:00","breadcrumb":{"@id":"https:\/\/conceptszeged.hu\/en\/product\/caesar-salad-2\/#breadcrumb"},"inLanguage":"en-US","potentialAction":[{"@type":"ReadAction","target":["https:\/\/conceptszeged.hu\/en\/product\/caesar-salad-2\/"]}]},{"@type":"ImageObject","inLanguage":"en-US","@id":"https:\/\/conceptszeged.hu\/en\/product\/caesar-salad-2\/#primaryimage","url":"https:\/\/conceptszeged.hu\/wp-content\/uploads\/2024\/12\/Heti-menu-7.jpg","contentUrl":"https:\/\/conceptszeged.hu\/wp-content\/uploads\/2024\/12\/Heti-menu-7.jpg","width":1080,"height":1080},{"@type":"BreadcrumbList","@id":"https:\/\/conceptszeged.hu\/en\/product\/caesar-salad-2\/#breadcrumb","itemListElement":[{"@type":"ListItem","position":1,"name":"Kezd\u0151lap","item":"https:\/\/conceptszeged.hu\/en\/"},{"@type":"ListItem","position":2,"name":"Products","item":"https:\/\/conceptszeged.hu\/en\/shop\/"},{"@type":"ListItem","position":3,"name":"Caesar salad"}]},{"@type":"WebSite","@id":"https:\/\/conceptszeged.hu\/en\/#website","url":"https:\/\/conceptszeged.hu\/en\/","name":"Concept Bisztr\u00f3","description":"Igazi \u00ednyencs\u00e9gek Szeged sz\u00edv\u00e9ben","potentialAction":[{"@type":"SearchAction","target":{"@type":"EntryPoint","urlTemplate":"https:\/\/conceptszeged.hu\/en\/?s={search_term_string}"},"query-input":{"@type":"PropertyValueSpecification","valueRequired":true,"valueName":"search_term_string"}}],"inLanguage":"en-US"}]}},"_links":{"self":[{"href":"https:\/\/conceptszeged.hu\/en\/wp-json\/wp\/v2\/product\/2646","targetHints":{"allow":["GET"]}}],"collection":[{"href":"https:\/\/conceptszeged.hu\/en\/wp-json\/wp\/v2\/product"}],"about":[{"href":"https:\/\/conceptszeged.hu\/en\/wp-json\/wp\/v2\/types\/product"}],"version-history":[{"count":0,"href":"https:\/\/conceptszeged.hu\/en\/wp-json\/wp\/v2\/product\/2646\/revisions"}],"wp:featuredmedia":[{"embeddable":true,"href":"https:\/\/conceptszeged.hu\/en\/wp-json\/wp\/v2\/media\/1560"}],"wp:attachment":[{"href":"https:\/\/conceptszeged.hu\/en\/wp-json\/wp\/v2\/media?parent=2646"}],"wp:term":[{"taxonomy":"brand","embeddable":true,"href":"https:\/\/conceptszeged.hu\/en\/wp-json\/wp\/v2\/etheme_brands?post=2646"},{"taxonomy":"product_cat","embeddable":true,"href":"https:\/\/conceptszeged.hu\/en\/wp-json\/wp\/v2\/product_cat?post=2646"},{"taxonomy":"product_tag","embeddable":true,"href":"https:\/\/conceptszeged.hu\/en\/wp-json\/wp\/v2\/product_tag?post=2646"}],"curies":[{"name":"wp","href":"https:\/\/api.w.org\/{rel}","templated":true}]}}